{"id":22,"date":"2025-08-09T16:04:48","date_gmt":"2025-08-09T16:04:48","guid":{"rendered":"https:\/\/ermukoluklu.com\/?page_id=22"},"modified":"2025-08-09T16:49:24","modified_gmt":"2025-08-09T16:49:24","slug":"map","status":"publish","type":"page","link":"https:\/\/ermukoluklu.com\/","title":{"rendered":"Ermuk Oluklu"},"content":{"rendered":"\t\t<div data-elementor-type=\"wp-page\" data-elementor-id=\"22\" class=\"elementor elementor-22\">\n\t\t\t\t<div class=\"elementor-element elementor-element-18d216a e-flex e-con-boxed e-con e-parent\" data-id=\"18d216a\" data-element_type=\"container\">\n\t\t\t\t\t<div class=\"e-con-inner\">\n\t\t<div class=\"elementor-element elementor-element-054999d e-con-full e-flex e-con e-child\" data-id=\"054999d\" data-element_type=\"container\">\n\t\t\t\t<div class=\"elementor-element elementor-element-4e14198 elementor-widget__width-initial elementor-widget elementor-widget-text-editor\" data-id=\"4e14198\" data-element_type=\"widget\" data-widget_type=\"text-editor.default\">\n\t\t\t\t\t\t\t\t\t<p>\u00a0<\/p>\n<p data-start=\"162\" data-end=\"677\"><strong data-start=\"162\" data-end=\"369\">Sekt\u00f6rde 40 y\u0131l\u0131 a\u015fk\u0131n tecr\u00fcbemizle, kalite, g\u00fcven ve uzmanl\u0131\u011f\u0131 ayn\u0131 \u00e7at\u0131 alt\u0131nda bulu\u015fturan Ermuk Ambalaj olarak, siz de\u011ferli m\u00fc\u015fterilerimize her zaman en iyi hizmeti sunmaktan b\u00fcy\u00fck bir gurur duyuyoruz.<\/strong><\/p>\n<p data-start=\"162\" data-end=\"677\"><b><br data-start=\"369\" data-end=\"372\" \/><\/b>Kuruldu\u011fumuz g\u00fcnden bu yana m\u00fc\u015fteri memnuniyetini en temel ilkemiz olarak benimseyerek, her projede beklentilerin \u00f6tesine ge\u00e7meyi hedefledik. Y\u00fcksek kaliteli mukavva koli ve oluklu mukavva \u00e7\u00f6z\u00fcmlerimizle, farkl\u0131 sekt\u00f6rlerin ihtiya\u00e7lar\u0131na uygun yenilik\u00e7i, dayan\u0131kl\u0131 ve \u00e7evre dostu \u00fcr\u00fcnler geli\u015ftiriyoruz.<\/p>\n<p data-start=\"679\" data-end=\"983\">Modern \u00fcretim tesislerimiz, ileri teknoloji makine parkurumuz ve deneyimli kadromuz ile hem yurt i\u00e7inde hem de yurt d\u0131\u015f\u0131nda g\u00fc\u00e7l\u00fc bir konuma sahibiz. Sadece \u00fcr\u00fcn de\u011fil, ayn\u0131 zamanda \u00e7\u00f6z\u00fcm orta\u011f\u0131 olma anlay\u0131\u015f\u0131yla hareket ederek, tasar\u0131m a\u015famas\u0131ndan teslimata kadar t\u00fcm s\u00fcre\u00e7lerde titizlikle \u00e7al\u0131\u015f\u0131yoruz.<\/p>\n<p data-start=\"985\" data-end=\"1283\">Bug\u00fcn, lojistikten g\u0131daya, e-ticaretten sanayiye kadar geni\u015f bir yelpazede hizmet verirken, s\u00fcrd\u00fcr\u00fclebilir \u00fcretim anlay\u0131\u015f\u0131m\u0131zla gelecek nesillere kar\u015f\u0131 sorumlulu\u011fumuzu da yerine getiriyoruz.\u00a0<\/p>\n<p data-start=\"985\" data-end=\"1283\"><strong data-start=\"1176\" data-end=\"1281\">Ermuk Ambalaj olarak, size her zaman g\u00fcvenilir, kaliteli ve zaman\u0131nda \u00e7\u00f6z\u00fcmler sunmaya devam edece\u011fiz.<\/strong><\/p>\t\t\t\t\t\t\t\t<\/div>\n\t\t\t\t<\/div>\n\t\t\t\t<div class=\"elementor-element elementor-element-a17f357 elementor-widget__width-initial elementor-widget elementor-widget-text-editor\" data-id=\"a17f357\" data-element_type=\"widget\" data-widget_type=\"text-editor.default\">\n\t\t\t\t\t\t\t\t\t<p> <\/p><ul class=\"wp-block-list\"><li>Oluklu Mukavva<\/li> <li>Dopel Oluklu Mukavva<\/li> <li>Bask\u0131l\u0131 \/ Bask\u0131s\u0131 Koli<\/li> <li>Tutmal\u0131kl\u0131 Bask\u0131l\u0131 \/ Bask\u0131s\u0131z Koli<\/li> <li>Separat\u00f6r<\/li> <li>Separat\u00f6rl\u00fc Koli<\/li> <li>Ar\u015fiv Kolisi<\/li> <li>\u00d6zel Kesimli Koliler<\/li> <li>Ara Karton<\/li> <li>\u00c7\u00f6kme Tabanl\u0131 Koli<\/li> <li>Ofset Bask\u0131l\u0131 Koli<\/li> <li>Tekstil Kolisi<\/li> <li>Ta\u015f\u0131nma Kolisi<\/li><\/ul>\t\t\t\t\t\t\t\t<\/div>\n\t\t\t\t\t<\/div>\n\t\t\t\t<\/div>\n\t\t<div class=\"elementor-element elementor-element-b1dd0ef e-flex e-con-boxed e-con e-parent\" data-id=\"b1dd0ef\" data-element_type=\"container\">\n\t\t\t\t\t<div class=\"e-con-inner\">\n\t\t\t\t<div class=\"elementor-element elementor-element-e056dd9 elementor-widget elementor-widget-text-editor\" data-id=\"e056dd9\" data-element_type=\"widget\" data-widget_type=\"text-editor.default\">\n\t\t\t\t\t\t\t\t\t<p>Ermuk Ambalaj Sanayi ve Ticaret Limited \u015eirketi<br>Yal\u0131 Mahallesi Piri Reis Caddesi Derner \u0130\u015f Han\u0131 No:12a \u0130\u00e7 Kap\u0131:6 Maltepe \/ \u0130stanbul<br>Tel: 0216 352 3204 &#8211; 0216 383 3198<br><a href=\"mailto:info@ermukoluklu.com\">info@ermukoluklu.com<\/a><\/p>\t\t\t\t\t\t\t\t<\/div>\n\t\t\t\t\t<\/div>\n\t\t\t\t<\/div>\n\t\t<div class=\"elementor-element elementor-element-8357300 e-con-full e-flex e-con e-parent\" data-id=\"8357300\" data-element_type=\"container\">\n\t\t\t\t<div class=\"elementor-element elementor-element-57b5d8ad elementor-widget__width-initial elementor-widget elementor-widget-shortcode\" data-id=\"57b5d8ad\" data-element_type=\"widget\" data-widget_type=\"shortcode.default\">\n\t\t\t\t\t\t\t<div class=\"elementor-shortcode\"><div id=\"wpgmza_map_1\" class=\"wpgmza_map wpgmza-auto-left\" style=\"display:block;width:100%;height:400px;overflow:hidden;position:relative;\" data-map-id=\"1\" data-maps-engine=\"open-layers\" data-build-engine=\"atlas-novus\" data-shortcode-attributes=\"{&quot;id&quot;:&quot;1&quot;,&quot;zoom&quot;:false,&quot;width&quot;:false,&quot;height&quot;:false,&quot;marker&quot;:false,&quot;classname&quot;:false}\" data-settings=\"{&quot;map_title&quot;:&quot;Ermuk Oluklu&quot;,&quot;map_width&quot;:&quot;100&quot;,&quot;map_height&quot;:&quot;400&quot;,&quot;map_start_lat&quot;:&quot;40.91531169999999&quot;,&quot;map_start_lng&quot;:&quot;29.142223000000005&quot;,&quot;map_start_location&quot;:&quot;45.950464398418106,-109.81550500000003&quot;,&quot;map_start_zoom&quot;:&quot;9&quot;,&quot;default_marker&quot;:&quot;&quot;,&quot;type&quot;:&quot;1&quot;,&quot;alignment&quot;:&quot;4&quot;,&quot;directions_enabled&quot;:&quot;0&quot;,&quot;styling_enabled&quot;:&quot;0&quot;,&quot;styling_json&quot;:&quot;&quot;,&quot;active&quot;:&quot;0&quot;,&quot;kml&quot;:&quot;&quot;,&quot;bicycle&quot;:&quot;0&quot;,&quot;traffic&quot;:&quot;0&quot;,&quot;dbox&quot;:&quot;0&quot;,&quot;dbox_width&quot;:&quot;&quot;,&quot;listmarkers&quot;:&quot;0&quot;,&quot;listmarkers_advanced&quot;:&quot;0&quot;,&quot;filterbycat&quot;:&quot;0&quot;,&quot;ugm_enabled&quot;:&quot;0&quot;,&quot;ugm_category_enabled&quot;:&quot;0&quot;,&quot;fusion&quot;:&quot;&quot;,&quot;map_width_type&quot;:&quot;%&quot;,&quot;map_height_type&quot;:&quot;px&quot;,&quot;mass_marker_support&quot;:&quot;0&quot;,&quot;ugm_access&quot;:&quot;0&quot;,&quot;order_markers_by&quot;:&quot;0&quot;,&quot;order_markers_choice&quot;:&quot;0&quot;,&quot;show_user_location&quot;:&quot;0&quot;,&quot;default_to&quot;:&quot;&quot;,&quot;map_type&quot;:1,&quot;sl_stroke_color&quot;:&quot;&quot;,&quot;sl_fill_color&quot;:&quot;&quot;,&quot;sl_stroke_opacity&quot;:&quot;&quot;,&quot;sl_fill_opacity&quot;:&quot;&quot;,&quot;transport_layer&quot;:false,&quot;action&quot;:&quot;wpgmza_save_map&quot;,&quot;redirect_to&quot;:&quot;\\\/wp-admin\\\/admin-post.php&quot;,&quot;map_id&quot;:&quot;1&quot;,&quot;wpgmza_savemap&quot;:&quot;Haritay\\u0131 Kaydet&quot;,&quot;http_referer&quot;:&quot;\\\/wp-admin\\\/admin.php?page=wp-google-maps-menu&amp;amp;action=edit&amp;amp;map_id=1&quot;,&quot;wpgmza_id&quot;:&quot;1&quot;,&quot;wpgmza_start_location&quot;:&quot;40.91531169999999,29.142223000000005&quot;,&quot;wpgmza_start_zoom&quot;:&quot;9&quot;,&quot;wpgmza_map_align&quot;:&quot;1&quot;,&quot;store_locator_enabled&quot;:true,&quot;store_locator_distance&quot;:false,&quot;store_locator_search_area&quot;:&quot;radial&quot;,&quot;wpgmza_store_locator_default_radius&quot;:&quot;1&quot;,&quot;store_locator_auto_area_max_zoom&quot;:&quot;&quot;,&quot;wpgmza_store_locator_radius_style&quot;:&quot;legacy&quot;,&quot;store_locator_component_anchor&quot;:&quot;0&quot;,&quot;wpgmza_store_locator_bounce&quot;:false,&quot;wpgmza_sl_animation&quot;:null,&quot;store_locator_query_string&quot;:&quot;&quot;,&quot;store_locator_location_placeholder&quot;:&quot;&quot;,&quot;store_locator_default_address&quot;:&quot;&quot;,&quot;store_locator_name_search&quot;:false,&quot;store_locator_name_string&quot;:&quot;&quot;,&quot;store_locator_not_found_message&quot;:&quot;&quot;,&quot;store_locator_show_distance&quot;:false,&quot;store_locator_category&quot;:false,&quot;wpgmza_store_locator_use_their_location&quot;:false,&quot;wpgmza_store_locator_hide_before_search&quot;:false,&quot;store_locator_nearby_searches&quot;:false,&quot;wpgmza_theme_data&quot;:&quot;[{\\&quot;featureType\\&quot;: \\&quot;administrative\\&quot;,\\&quot;elementType\\&quot;: \\&quot;labels.text.fill\\&quot;,\\&quot;stylers\\&quot;: [{\\&quot;color\\&quot;: \\&quot;#444444\\&quot;}]},{\\&quot;featureType\\&quot;: \\&quot;landscape\\&quot;,\\&quot;elementType\\&quot;: \\&quot;all\\&quot;,\\&quot;stylers\\&quot;: [{\\&quot;color\\&quot;: \\&quot;#f2f2f2\\&quot;}]},{\\&quot;featureType\\&quot;: \\&quot;poi\\&quot;,\\&quot;elementType\\&quot;: \\&quot;all\\&quot;,\\&quot;stylers\\&quot;: [{\\&quot;visibility\\&quot;: \\&quot;off\\&quot;}]},{\\&quot;featureType\\&quot;: \\&quot;road\\&quot;,\\&quot;elementType\\&quot;: \\&quot;all\\&quot;,\\&quot;stylers\\&quot;: [{\\&quot;saturation\\&quot;: -100},{\\&quot;lightness\\&quot;: 45}]},{\\&quot;featureType\\&quot;: \\&quot;road.highway\\&quot;,\\&quot;elementType\\&quot;: \\&quot;all\\&quot;,\\&quot;stylers\\&quot;: [{\\&quot;visibility\\&quot;: \\&quot;simplified\\&quot;}]},{\\&quot;featureType\\&quot;: \\&quot;road.arterial\\&quot;,\\&quot;elementType\\&quot;: \\&quot;labels.icon\\&quot;,\\&quot;stylers\\&quot;: [{\\&quot;visibility\\&quot;: \\&quot;off\\&quot;}]},{\\&quot;featureType\\&quot;: \\&quot;transit\\&quot;,\\&quot;elementType\\&quot;: \\&quot;all\\&quot;,\\&quot;stylers\\&quot;: [{\\&quot;visibility\\&quot;: \\&quot;off\\&quot;}]},{\\&quot;featureType\\&quot;: \\&quot;water\\&quot;,\\&quot;elementType\\&quot;: \\&quot;all\\&quot;,\\&quot;stylers\\&quot;: [{\\&quot;color\\&quot;: \\&quot;#46bcec\\&quot;},{\\&quot;visibility\\&quot;: \\&quot;on\\&quot;}]}]&quot;,&quot;custom_tile_enabled&quot;:false,&quot;custom_tile_image&quot;:&quot;&quot;,&quot;custom_tile_image_width&quot;:&quot;&quot;,&quot;custom_tile_image_height&quot;:&quot;&quot;,&quot;custom_tile_image_attribution&quot;:&quot;&quot;,&quot;iw_primary_color&quot;:&quot;#000000&quot;,&quot;iw_accent_color&quot;:&quot;#000000&quot;,&quot;iw_text_color&quot;:&quot;#000000&quot;,&quot;close_infowindow_on_map_click&quot;:false,&quot;marker_share_links&quot;:false,&quot;wpgmza_listmarkers_by&quot;:&quot;0&quot;,&quot;marker_listing_component_anchor&quot;:null,&quot;marker_listing_component_auto_open&quot;:false,&quot;category_filter_component_anchor&quot;:null,&quot;zoom_level_on_marker_listing_override&quot;:false,&quot;zoom_level_on_marker_listing_click&quot;:&quot;&quot;,&quot;marker_listing_disable_zoom&quot;:false,&quot;dataTable_pagination_style&quot;:null,&quot;datatable_no_result_message&quot;:&quot;&quot;,&quot;remove_search_box_datables&quot;:false,&quot;datatable_search_string&quot;:&quot;&quot;,&quot;datatable_result_start&quot;:&quot;&quot;,&quot;datatable_result_of&quot;:&quot;&quot;,&quot;datatable_result_to&quot;:&quot;&quot;,&quot;datatable_result_total&quot;:&quot;&quot;,&quot;datatable_result_show&quot;:&quot;&quot;,&quot;datatable_result_entries&quot;:&quot;&quot;,&quot;category_legends_enabled&quot;:false,&quot;category_legends_component_anchor&quot;:null,&quot;jump_to_nearest_marker_on_initialization&quot;:false,&quot;click_open_link&quot;:false,&quot;wpgmza_zoom_on_marker_click&quot;:false,&quot;wpgmza_zoom_on_marker_click_slider&quot;:&quot;&quot;,&quot;enable_marker_labels&quot;:false,&quot;polygon_labels&quot;:false,&quot;disable_polygon_info_windows&quot;:false,&quot;fit_maps_bounds_to_markers&quot;:false,&quot;fit_maps_bounds_to_markers_after_filtering&quot;:false,&quot;automatically_pan_to_users_location&quot;:false,&quot;override_users_location_zoom_level&quot;:false,&quot;override_users_location_zoom_levels&quot;:&quot;&quot;,&quot;show_distance_from_location&quot;:false,&quot;map_starts_in_streetview&quot;:false,&quot;map_starts_in_streetview_location&quot;:&quot;&quot;,&quot;map_starts_in_streetview_heading&quot;:&quot;&quot;,&quot;map_starts_in_streetview_pitch&quot;:&quot;&quot;,&quot;map_max_zoom&quot;:&quot;21&quot;,&quot;map_min_zoom&quot;:&quot;0&quot;,&quot;zoom_level_mobile_override_enabled&quot;:false,&quot;zoom_level_mobile_override&quot;:&quot;&quot;,&quot;hide_point_of_interest&quot;:false,&quot;disable_lightbox_images&quot;:false,&quot;use_Raw_Jpeg_Coordinates&quot;:false,&quot;enable_marker_ratings&quot;:false,&quot;only_load_markers_within_viewport&quot;:false,&quot;wpgmza_theme&quot;:&quot;0&quot;,&quot;wpgmza_ol_tile_filter&quot;:&quot;none&quot;,&quot;id&quot;:1}\" >\n<div class='wpgmza-inner-stack top'><div class=\"wpgmza-store-locator\" data-id=\"1\">\r\n\t<div class=\"wpgmza-address-container\">\r\n\t\t<label class=\"wpgmza-address\" data-name=\"addressLabel\">ZIP \/ Adres:<\/label>\r\n\t\t<input class=\"wpgmza-address\" type=\"text\" placeholder=\"Konumumu Al\" autocomplete=\"off\" data-name=\"defaultAddress\" value=\"\">\r\n\t<\/div>\r\n\t\r\n\t<div class=\"wpgmza-radius-container\">\r\n\t\t<label class=\"wpgmza-radius\">\r\n\t\t\tYar\u0131\u00e7ap\t\t<\/label>\r\n\t\t<select class=\"wpgmza-radius\"><option class=\"wpgmza-radius wpgmza_sl_select_option\" value=\"1\" selected>1km<\/option><\/select>\r\n\t<\/div>\r\n\r\n\t<svg width=\"40\" height=\"40\" viewbox=\"0 0 59 59\" fill=\"none\" xmlns=\"http:\/\/www.w3.org\/2000\/svg\" class=\"wpgmza-search\" title=\"Arama\">\r\n\t\t<line x1=\"40.5183\" y1=\"40.5685\" x2=\"53.5685\" y2=\"53.6188\" stroke-width=\"7\" stroke-linecap=\"round\"><\/line>\r\n\t\t<circle cx=\"24.5\" cy=\"24.5\" r=\"21\" stroke-width=\"7\"><\/circle>\r\n\t<\/svg>\r\n\r\n\t<svg width=\"40\" height=\"40\" viewbox=\"0 0 60 60\" fill=\"none\" xmlns=\"http:\/\/www.w3.org\/2000\/svg\" class=\"wpgmza-loading\">\r\n\t\t<mask id=\"path-1-inside-1\">\r\n\t\t\t<path d=\"M60 30C60 24.1471 58.2879 18.422 55.0747 13.53C51.8614 8.63797 47.2873 4.79275 41.9159 2.46799C36.5445 0.143228 30.6103 -0.55952 24.8445 0.446314C19.0786 1.45215 13.7329 4.12263 9.46589 8.12878L13.8401 12.7879C17.1982 9.6351 21.4051 7.53349 25.9427 6.74192C30.4803 5.95035 35.1503 6.5034 39.3775 8.33293C43.6047 10.1625 47.2044 13.1886 49.7332 17.0385C52.2619 20.8884 53.6093 25.3939 53.6093 30H60Z\"><\/path>\r\n\t\t<\/mask>\r\n\t\t<path d=\"M60 30C60 24.1471 58.2879 18.422 55.0747 13.53C51.8614 8.63797 47.2873 4.79275 41.9159 2.46799C36.5445 0.143228 30.6103 -0.55952 24.8445 0.446314C19.0786 1.45215 13.7329 4.12263 9.46589 8.12878L13.8401 12.7879C17.1982 9.6351 21.4051 7.53349 25.9427 6.74192C30.4803 5.95035 35.1503 6.5034 39.3775 8.33293C43.6047 10.1625 47.2044 13.1886 49.7332 17.0385C52.2619 20.8884 53.6093 25.3939 53.6093 30H60Z\" stroke-width=\"14\" stroke-linecap=\"round\" stroke-linejoin=\"round\" mask=\"url(#path-1-inside-1)\"><\/path>\r\n\t<\/svg>\r\n\r\n\r\n\t<svg width=\"40\" height=\"40\" viewbox=\"0 0 62 62\" fill=\"none\" xmlns=\"http:\/\/www.w3.org\/2000\/svg\" class=\"wpgmza-reset\">\r\n\t\t<line x1=\"4.94975\" y1=\"5\" x2=\"56.5685\" y2=\"56.6188\" stroke-width=\"7\" stroke-linecap=\"round\"><\/line>\r\n\t\t<line x1=\"5\" y1=\"56.6188\" x2=\"56.6188\" y2=\"5\" stroke-width=\"7\" stroke-linecap=\"round\"><\/line>\r\n\t<\/svg>\r\n\r\n\r\n\t\r\n\t<div class=\"wpgmza-error\"><\/div>\r\n<\/div><\/div><\/div><\/div>\n\t\t\t\t\t\t<\/div>\n\t\t\t\t<\/div>\n\t\t\t\t<\/div>\n\t\t","protected":false},"excerpt":{"rendered":"<p>\u00a0 Sekt\u00f6rde 40 y\u0131l\u0131 a\u015fk\u0131n tecr\u00fcbemizle, kalite, g\u00fcven ve uzmanl\u0131\u011f\u0131 ayn\u0131 \u00e7at\u0131 alt\u0131nda bulu\u015fturan Ermuk Ambalaj olarak, siz de\u011ferli m\u00fc\u015fterilerimize her zaman en iyi hizmeti sunmaktan b\u00fcy\u00fck bir gurur duyuyoruz. Kuruldu\u011fumuz g\u00fcnden bu yana m\u00fc\u015fteri memnuniyetini en temel ilkemiz olarak benimseyerek, her projede beklentilerin \u00f6tesine ge\u00e7meyi hedefledik. Y\u00fcksek kaliteli mukavva koli ve oluklu mukavva \u00e7\u00f6z\u00fcmlerimizle, [&hellip;]<\/p>\n","protected":false},"author":1,"featured_media":0,"parent":0,"menu_order":0,"comment_status":"closed","ping_status":"closed","template":"","meta":{"footnotes":""},"class_list":["post-22","page","type-page","status-publish","hentry"],"_links":{"self":[{"href":"https:\/\/ermukoluklu.com\/index.php?rest_route=\/wp\/v2\/pages\/22","targetHints":{"allow":["GET"]}}],"collection":[{"href":"https:\/\/ermukoluklu.com\/index.php?rest_route=\/wp\/v2\/pages"}],"about":[{"href":"https:\/\/ermukoluklu.com\/index.php?rest_route=\/wp\/v2\/types\/page"}],"author":[{"embeddable":true,"href":"https:\/\/ermukoluklu.com\/index.php?rest_route=\/wp\/v2\/users\/1"}],"replies":[{"embeddable":true,"href":"https:\/\/ermukoluklu.com\/index.php?rest_route=%2Fwp%2Fv2%2Fcomments&post=22"}],"version-history":[{"count":9,"href":"https:\/\/ermukoluklu.com\/index.php?rest_route=\/wp\/v2\/pages\/22\/revisions"}],"predecessor-version":[{"id":47,"href":"https:\/\/ermukoluklu.com\/index.php?rest_route=\/wp\/v2\/pages\/22\/revisions\/47"}],"wp:attachment":[{"href":"https:\/\/ermukoluklu.com\/index.php?rest_route=%2Fwp%2Fv2%2Fmedia&parent=22"}],"curies":[{"name":"wp","href":"https:\/\/api.w.org\/{rel}","templated":true}]}}